{"id":1088,"date":"2023-04-03T17:45:22","date_gmt":"2023-04-03T15:45:22","guid":{"rendered":"https:\/\/lesouffle.be\/?page_id=1088"},"modified":"2023-04-03T17:50:10","modified_gmt":"2023-04-03T15:50:10","slug":"fedasil","status":"publish","type":"page","link":"https:\/\/lesouffle.be\/index.php\/fedasil\/","title":{"rendered":"Fedasil"},"content":{"rendered":"\t\t<div data-elementor-type=\"wp-page\" data-elementor-id=\"1088\" class=\"elementor elementor-1088\">\n\t\t\t\t\t\t<section class=\"elementor-section elementor-top-section elementor-element elementor-element-3791a436 elementor-section-boxed elementor-section-height-default elementor-section-height-default\" data-id=\"3791a436\" data-element_type=\"section\">\n\t\t\t\t\t\t<div class=\"elementor-container elementor-column-gap-default\">\n\t\t\t\t\t<div class=\"elementor-column elementor-col-100 elementor-top-column elementor-element elementor-element-8c1128d\" data-id=\"8c1128d\" data-element_type=\"column\">\n\t\t\t<div class=\"elementor-widget-wrap elementor-element-populated\">\n\t\t\t\t\t\t<div class=\"elementor-element elementor-element-7d3b1ac eael_simple_menu_hamburger_disable_selected_menu_no eael-simple-menu-hamburger-align-right eael-hamburger--tablet elementor-widget elementor-widget-eael-simple-menu\" data-id=\"7d3b1ac\" data-element_type=\"widget\" data-widget_type=\"eael-simple-menu.default\">\n\t\t\t\t<div class=\"elementor-widget-container\">\n\t\t\t\t\t<style>\n                        @media screen and (max-width: 1024px) {\n                            .eael-hamburger--tablet {\n                                .eael-simple-menu-horizontal,\n                                .eael-simple-menu-vertical {\n                                    display: none;\n                                }\n                            }\n                            .eael-hamburger--tablet {\n                                .eael-simple-menu-container .eael-simple-menu-toggle {\n                                    display: block;\n                                }\n                            }\n                        }\n                    <\/style>            <div data-hamburger-icon=\"&lt;i aria-hidden=&quot;true&quot; class=&quot;fas fa-bars&quot;&gt;&lt;\/i&gt;\" data-indicator-icon=\"&lt;i aria-hidden=&quot;true&quot; class=&quot;fas fa-angle-down&quot;&gt;&lt;\/i&gt;\" data-dropdown-indicator-icon=\"&lt;i class=&quot;fas fa-angle-down&quot;&gt;&lt;\/i&gt;\" class=\"eael-simple-menu-container eael-simple-menu-align-right eael-simple-menu-dropdown-align-left preset-1\" data-hamburger-breakpoints=\"{&quot;mobile&quot;:&quot;Portrait mobile (&gt; 767px)&quot;,&quot;tablet&quot;:&quot;Tablette en mode portrait (&gt; 1024px)&quot;,&quot;desktop&quot;:&quot;Desktop (&gt; 2400px)&quot;,&quot;none&quot;:&quot;None&quot;}\" data-hamburger-device=\"tablet\">\n                <ul id=\"menu-menu-test\" class=\"eael-simple-menu eael-simple-menu-dropdown-animate-to-top eael-simple-menu-indicator eael-simple-menu-horizontal\"><li id=\"menu-item-1686\" class=\"menu-item menu-item-type-post_type menu-item-object-page menu-item-home menu-item-1686\"><a href=\"https:\/\/lesouffle.be\/\">Accueil<\/a><\/li>\n<li id=\"menu-item-563\" class=\"menu-item menu-item-type-post_type menu-item-object-page menu-item-563\"><a href=\"https:\/\/lesouffle.be\/index.php\/news\/\">News<\/a><\/li>\n<li id=\"menu-item-1569\" class=\"menu-item menu-item-type-post_type menu-item-object-page menu-item-has-children menu-item-1569\"><a href=\"https:\/\/lesouffle.be\/index.php\/missions\/\">Missions<\/a>\n<ul class=\"sub-menu\">\n\t<li id=\"menu-item-1572\" class=\"menu-item menu-item-type-post_type menu-item-object-page menu-item-1572\"><a href=\"https:\/\/lesouffle.be\/index.php\/formations\/\">Formations<\/a><\/li>\n\t<li id=\"menu-item-1571\" class=\"menu-item menu-item-type-post_type menu-item-object-page menu-item-1571\"><a href=\"https:\/\/lesouffle.be\/index.php\/mediations\/\">M\u00e9diations<\/a><\/li>\n\t<li id=\"menu-item-1570\" class=\"menu-item menu-item-type-post_type menu-item-object-page menu-item-1570\"><a href=\"https:\/\/lesouffle.be\/index.php\/actions\/\">Interventions<\/a><\/li>\n<\/ul>\n<\/li>\n<li id=\"menu-item-574\" class=\"menu-item menu-item-type-post_type menu-item-object-page menu-item-has-children menu-item-574\"><a href=\"https:\/\/lesouffle.be\/index.php\/ressources\/\">Ressources<\/a>\n<ul class=\"sub-menu\">\n\t<li id=\"menu-item-1287\" class=\"menu-item menu-item-type-post_type menu-item-object-page menu-item-1287\"><a href=\"https:\/\/lesouffle.be\/index.php\/videos-copy\/\">Videos<\/a><\/li>\n\t<li id=\"menu-item-1286\" class=\"menu-item menu-item-type-post_type menu-item-object-page menu-item-1286\"><a href=\"https:\/\/lesouffle.be\/index.php\/publications-copy\/\">Publications<\/a><\/li>\n<\/ul>\n<\/li>\n<li id=\"menu-item-565\" class=\"menu-item menu-item-type-post_type menu-item-object-page menu-item-565\"><a href=\"https:\/\/lesouffle.be\/index.php\/projets\/\">Projets<\/a><\/li>\n<li id=\"menu-item-942\" class=\"menu-item menu-item-type-post_type menu-item-object-page menu-item-has-children menu-item-942\"><a href=\"https:\/\/lesouffle.be\/index.php\/test-columns\/\">Qui sommes-nous ?<\/a>\n<ul class=\"sub-menu\">\n\t<li id=\"menu-item-567\" class=\"menu-item menu-item-type-post_type menu-item-object-page menu-item-567\"><a href=\"https:\/\/lesouffle.be\/index.php\/equipe\/\">Equipe<\/a><\/li>\n\t<li id=\"menu-item-566\" class=\"menu-item menu-item-type-post_type menu-item-object-page menu-item-566\"><a href=\"https:\/\/lesouffle.be\/index.php\/partenaires\/\">Partenaires<\/a><\/li>\n\t<li id=\"menu-item-2453\" class=\"menu-item menu-item-type-post_type menu-item-object-page menu-item-2453\"><a href=\"https:\/\/lesouffle.be\/index.php\/intranet\/\">Intranet<\/a><\/li>\n<\/ul>\n<\/li>\n<li id=\"menu-item-564\" class=\"menu-item menu-item-type-post_type menu-item-object-page menu-item-564\"><a href=\"https:\/\/lesouffle.be\/index.php\/contacts\/\">Contacts<\/a><\/li>\n<\/ul>                <button class=\"eael-simple-menu-toggle\">\n                    <span class=\"sr-only \">Hamburger Toggle Menu<\/span>\n                    <i aria-hidden=\"true\" class=\"fas fa-bars\"><\/i>                <\/button>\n            <\/div>\n            \t\t\t\t<\/div>\n\t\t\t\t<\/div>\n\t\t\t\t\t<\/div>\n\t\t<\/div>\n\t\t\t\t\t<\/div>\n\t\t<\/section>\n\t\t\t\t<section class=\"elementor-section elementor-top-section elementor-element elementor-element-5763c3c elementor-section-boxed elementor-section-height-default elementor-section-height-default\" data-id=\"5763c3c\" data-element_type=\"section\">\n\t\t\t\t\t\t<div class=\"elementor-container elementor-column-gap-default\">\n\t\t\t\t\t<div class=\"elementor-column elementor-col-100 elementor-top-column elementor-element elementor-element-27271af\" data-id=\"27271af\" data-element_type=\"column\">\n\t\t\t<div class=\"elementor-widget-wrap elementor-element-populated\">\n\t\t\t\t\t\t<div class=\"elementor-element elementor-element-b7170d4 elementor-widget elementor-widget-heading\" data-id=\"b7170d4\" data-element_type=\"widget\" data-widget_type=\"heading.default\">\n\t\t\t\t<div class=\"elementor-widget-container\">\n\t\t\t\t\t<h2 class=\"elementor-heading-title elementor-size-default\">Fedasil<\/h2>\t\t\t\t<\/div>\n\t\t\t\t<\/div>\n\t\t\t\t\t<\/div>\n\t\t<\/div>\n\t\t\t\t\t<\/div>\n\t\t<\/section>\n\t\t\t\t<section class=\"elementor-section elementor-top-section elementor-element elementor-element-f3d5cba elementor-section-boxed elementor-section-height-default elementor-section-height-default\" data-id=\"f3d5cba\" data-element_type=\"section\">\n\t\t\t\t\t\t<div class=\"elementor-container elementor-column-gap-default\">\n\t\t\t\t\t<div class=\"elementor-column elementor-col-50 elementor-top-column elementor-element elementor-element-ccd7cf0\" data-id=\"ccd7cf0\" data-element_type=\"column\">\n\t\t\t<div class=\"elementor-widget-wrap elementor-element-populated\">\n\t\t\t\t\t\t<div class=\"elementor-element elementor-element-c3183bd elementor-widget elementor-widget-image\" data-id=\"c3183bd\" data-element_type=\"widget\" data-widget_type=\"image.default\">\n\t\t\t\t<div class=\"elementor-widget-container\">\n\t\t\t\t\t\t\t\t\t\t\t\t\t\t\t<img fetchpriority=\"high\" decoding=\"async\" width=\"300\" height=\"200\" src=\"https:\/\/lesouffle.be\/wp-content\/uploads\/2023\/04\/OC-Charleroi-copyright-Fedasil-Pauline-Beugnies-300x200.jpg\" class=\"attachment-medium size-medium wp-image-1090\" alt=\"\" srcset=\"https:\/\/lesouffle.be\/wp-content\/uploads\/2023\/04\/OC-Charleroi-copyright-Fedasil-Pauline-Beugnies-300x200.jpg 300w, https:\/\/lesouffle.be\/wp-content\/uploads\/2023\/04\/OC-Charleroi-copyright-Fedasil-Pauline-Beugnies.jpg 640w\" sizes=\"(max-width: 300px) 100vw, 300px\" \/>\t\t\t\t\t\t\t\t\t\t\t\t\t\t\t<\/div>\n\t\t\t\t<\/div>\n\t\t\t\t<div class=\"elementor-element elementor-element-17ecbfb elementor-widget elementor-widget-text-editor\" data-id=\"17ecbfb\" data-element_type=\"widget\" data-widget_type=\"text-editor.default\">\n\t\t\t\t<div class=\"elementor-widget-container\">\n\t\t\t\t\t\t\t\t\t<p style=\"text-align: center;\">Centre d\u2019accueil des demandeurs d\u2019asile Fedasil \u00e0 Charleroi<br \/>Copyright Fedasil \u2013 Pauline Beugnies<\/p>\t\t\t\t\t\t\t\t<\/div>\n\t\t\t\t<\/div>\n\t\t\t\t\t<\/div>\n\t\t<\/div>\n\t\t\t\t<div class=\"elementor-column elementor-col-50 elementor-top-column elementor-element elementor-element-a3498b1\" data-id=\"a3498b1\" data-element_type=\"column\">\n\t\t\t<div class=\"elementor-widget-wrap elementor-element-populated\">\n\t\t\t\t\t\t<div class=\"elementor-element elementor-element-47088fd elementor-widget elementor-widget-text-editor\" data-id=\"47088fd\" data-element_type=\"widget\" data-widget_type=\"text-editor.default\">\n\t\t\t\t<div class=\"elementor-widget-container\">\n\t\t\t\t\t\t\t\t\t<p>Dans le cadre d\u2019un projet pilote, le Souffle forme des collaborateurs de\u00a03 centres Fedasil aux Pratiques Pr\u00e9ventives et Restauratives (PPR). L\u2019objectif du projet est de pr\u00e9venir les conflits et de les g\u00e9rer durablement :<\/p><ul><li>Via des actions de pr\u00e9vention : comment cr\u00e9er un cadre de vie dans lequel les r\u00e9sidents et les travailleurs peuvent se sentir bien ?<\/li><li><p>Via des actions de r\u00e9paration : comment inviter chacun \u00e0 g\u00e9rer les conflits et \u00e0 assumer sa part de responsabilit\u00e9 dans ceux-ci ?<\/p><\/li><\/ul><p>Les m\u00e9diateurs du Souffle ont r\u00e9alis\u00e9 un \u00e9tat des lieux sur le th\u00e8me de la pr\u00e9vention et gestion des conflits, sous forme d\u2019interviews et de questionnaires. A partir de celui-ci, des formations et groupes de travail inter-centres et intra-centres sont mises en place, ainsi qu\u2019une collaboration interr\u00e9gionale Nord-Sud. Ce projet fait l\u2019objet d\u2019un soutien financier de l\u2019agence Fedasil.<\/p>\t\t\t\t\t\t\t\t<\/div>\n\t\t\t\t<\/div>\n\t\t\t\t\t<\/div>\n\t\t<\/div>\n\t\t\t\t\t<\/div>\n\t\t<\/section>\n\t\t\t\t<section class=\"elementor-section elementor-top-section elementor-element elementor-element-00ac8e3 elementor-section-boxed elementor-section-height-default elementor-section-height-default\" data-id=\"00ac8e3\" data-element_type=\"section\">\n\t\t\t\t\t\t<div class=\"elementor-container elementor-column-gap-default\">\n\t\t\t\t\t<div class=\"elementor-column elementor-col-33 elementor-top-column elementor-element elementor-element-11c9a05\" data-id=\"11c9a05\" data-element_type=\"column\">\n\t\t\t<div class=\"elementor-widget-wrap\">\n\t\t\t\t\t\t\t<\/div>\n\t\t<\/div>\n\t\t\t\t<div class=\"elementor-column elementor-col-33 elementor-top-column elementor-element elementor-element-50fb325\" data-id=\"50fb325\" data-element_type=\"column\">\n\t\t\t<div class=\"elementor-widget-wrap elementor-element-populated\">\n\t\t\t\t\t\t<div class=\"elementor-element elementor-element-90036b3 elementor-widget elementor-widget-image\" data-id=\"90036b3\" data-element_type=\"widget\" data-widget_type=\"image.default\">\n\t\t\t\t<div class=\"elementor-widget-container\">\n\t\t\t\t\t\t\t\t\t\t\t\t\t\t\t<img decoding=\"async\" width=\"300\" height=\"130\" src=\"https:\/\/lesouffle.be\/wp-content\/uploads\/2023\/03\/Fedasil_logo_extern_fr-300x130.png\" class=\"attachment-medium size-medium wp-image-921\" alt=\"\" srcset=\"https:\/\/lesouffle.be\/wp-content\/uploads\/2023\/03\/Fedasil_logo_extern_fr-300x130.png 300w, https:\/\/lesouffle.be\/wp-content\/uploads\/2023\/03\/Fedasil_logo_extern_fr.png 748w\" sizes=\"(max-width: 300px) 100vw, 300px\" \/>\t\t\t\t\t\t\t\t\t\t\t\t\t\t\t<\/div>\n\t\t\t\t<\/div>\n\t\t\t\t\t<\/div>\n\t\t<\/div>\n\t\t\t\t<div class=\"elementor-column elementor-col-33 elementor-top-column elementor-element elementor-element-3a94bab\" data-id=\"3a94bab\" data-element_type=\"column\">\n\t\t\t<div class=\"elementor-widget-wrap\">\n\t\t\t\t\t\t\t<\/div>\n\t\t<\/div>\n\t\t\t\t\t<\/div>\n\t\t<\/section>\n\t\t\t\t<\/div>\n\t\t","protected":false},"excerpt":{"rendered":"<p>Accueil News Ressources Videos Publications Projets Qui sommes-nous 3 ? Equipe Partenaires Contacts Fedasil Centre d\u2019accueil des demandeurs d\u2019asile Fedasil \u00e0 CharleroiCopyright Fedasil \u2013 Pauline Beugnies Dans le cadre d\u2019un projet pilote, le Souffle forme des collaborateurs de\u00a03 centres Fedasil aux Pratiques Pr\u00e9ventives et Restauratives (PPR). L\u2019objectif du projet est de pr\u00e9venir les conflits et [&hellip;]<\/p>\n","protected":false},"author":1,"featured_media":0,"parent":0,"menu_order":0,"comment_status":"closed","ping_status":"closed","template":"","meta":{"inline_featured_image":false,"footnotes":""},"class_list":["post-1088","page","type-page","status-publish","hentry"],"yoast_head":"<!-- This site is optimized with the Yoast SEO plugin v26.3 - https:\/\/yoast.com\/wordpress\/plugins\/seo\/ -->\n<title>Fedasil - le Souffle<\/title>\n<meta name=\"description\" content=\"Fedasil le Souffle\" \/>\n<meta name=\"robots\" content=\"index, follow, max-snippet:-1, max-image-preview:large, max-video-preview:-1\" \/>\n<link rel=\"canonical\" href=\"https:\/\/lesouffle.be\/index.php\/fedasil\/\" \/>\n<meta property=\"og:locale\" content=\"fr_FR\" \/>\n<meta property=\"og:type\" content=\"article\" \/>\n<meta property=\"og:title\" content=\"Fedasil - le Souffle\" \/>\n<meta property=\"og:description\" content=\"Fedasil le Souffle\" \/>\n<meta property=\"og:url\" content=\"https:\/\/lesouffle.be\/index.php\/fedasil\/\" \/>\n<meta property=\"og:site_name\" content=\"le Souffle\" \/>\n<meta property=\"article:publisher\" content=\"https:\/\/www.facebook.com\/profile.php?id=100069483571887\" \/>\n<meta property=\"article:modified_time\" content=\"2023-04-03T15:50:10+00:00\" \/>\n<meta property=\"og:image\" content=\"https:\/\/lesouffle.be\/wp-content\/uploads\/2023\/04\/OC-Charleroi-copyright-Fedasil-Pauline-Beugnies-300x200.jpg\" \/>\n<meta name=\"twitter:card\" content=\"summary_large_image\" \/>\n<meta name=\"twitter:label1\" content=\"Dur\u00e9e de lecture estim\u00e9e\" \/>\n\t<meta name=\"twitter:data1\" content=\"1 minute\" \/>\n<script type=\"application\/ld+json\" class=\"yoast-schema-graph\">{\"@context\":\"https:\/\/schema.org\",\"@graph\":[{\"@type\":\"WebPage\",\"@id\":\"https:\/\/lesouffle.be\/index.php\/fedasil\/\",\"url\":\"https:\/\/lesouffle.be\/index.php\/fedasil\/\",\"name\":\"Fedasil - le Souffle\",\"isPartOf\":{\"@id\":\"https:\/\/lesouffle.be\/#website\"},\"primaryImageOfPage\":{\"@id\":\"https:\/\/lesouffle.be\/index.php\/fedasil\/#primaryimage\"},\"image\":{\"@id\":\"https:\/\/lesouffle.be\/index.php\/fedasil\/#primaryimage\"},\"thumbnailUrl\":\"https:\/\/lesouffle.be\/wp-content\/uploads\/2023\/04\/OC-Charleroi-copyright-Fedasil-Pauline-Beugnies-300x200.jpg\",\"datePublished\":\"2023-04-03T15:45:22+00:00\",\"dateModified\":\"2023-04-03T15:50:10+00:00\",\"description\":\"Fedasil le Souffle\",\"breadcrumb\":{\"@id\":\"https:\/\/lesouffle.be\/index.php\/fedasil\/#breadcrumb\"},\"inLanguage\":\"fr-FR\",\"potentialAction\":[{\"@type\":\"ReadAction\",\"target\":[\"https:\/\/lesouffle.be\/index.php\/fedasil\/\"]}]},{\"@type\":\"ImageObject\",\"inLanguage\":\"fr-FR\",\"@id\":\"https:\/\/lesouffle.be\/index.php\/fedasil\/#primaryimage\",\"url\":\"https:\/\/lesouffle.be\/wp-content\/uploads\/2023\/04\/OC-Charleroi-copyright-Fedasil-Pauline-Beugnies.jpg\",\"contentUrl\":\"https:\/\/lesouffle.be\/wp-content\/uploads\/2023\/04\/OC-Charleroi-copyright-Fedasil-Pauline-Beugnies.jpg\",\"width\":640,\"height\":427,\"caption\":\"Centre d'acceuil des demandeurs d'asile Fedasil \u00e0 Charleroi.\"},{\"@type\":\"BreadcrumbList\",\"@id\":\"https:\/\/lesouffle.be\/index.php\/fedasil\/#breadcrumb\",\"itemListElement\":[{\"@type\":\"ListItem\",\"position\":1,\"name\":\"Accueil\",\"item\":\"https:\/\/lesouffle.be\/\"},{\"@type\":\"ListItem\",\"position\":2,\"name\":\"Fedasil\"}]},{\"@type\":\"WebSite\",\"@id\":\"https:\/\/lesouffle.be\/#website\",\"url\":\"https:\/\/lesouffle.be\/\",\"name\":\"le Souffle\",\"description\":\"\",\"publisher\":{\"@id\":\"https:\/\/lesouffle.be\/#organization\"},\"potentialAction\":[{\"@type\":\"SearchAction\",\"target\":{\"@type\":\"EntryPoint\",\"urlTemplate\":\"https:\/\/lesouffle.be\/?s={search_term_string}\"},\"query-input\":{\"@type\":\"PropertyValueSpecification\",\"valueRequired\":true,\"valueName\":\"search_term_string\"}}],\"inLanguage\":\"fr-FR\"},{\"@type\":\"Organization\",\"@id\":\"https:\/\/lesouffle.be\/#organization\",\"name\":\"le Souffle\",\"url\":\"https:\/\/lesouffle.be\/\",\"logo\":{\"@type\":\"ImageObject\",\"inLanguage\":\"fr-FR\",\"@id\":\"https:\/\/lesouffle.be\/#\/schema\/logo\/image\/\",\"url\":\"https:\/\/lesouffle.be\/wp-content\/uploads\/2023\/03\/SouffleLogoN11-1.png\",\"contentUrl\":\"https:\/\/lesouffle.be\/wp-content\/uploads\/2023\/03\/SouffleLogoN11-1.png\",\"width\":4806,\"height\":1407,\"caption\":\"le Souffle\"},\"image\":{\"@id\":\"https:\/\/lesouffle.be\/#\/schema\/logo\/image\/\"},\"sameAs\":[\"https:\/\/www.facebook.com\/profile.php?id=100069483571887\"]}]}<\/script>\n<!-- \/ Yoast SEO plugin. -->","yoast_head_json":{"title":"Fedasil - le Souffle","description":"Fedasil le Souffle","robots":{"index":"index","follow":"follow","max-snippet":"max-snippet:-1","max-image-preview":"max-image-preview:large","max-video-preview":"max-video-preview:-1"},"canonical":"https:\/\/lesouffle.be\/index.php\/fedasil\/","og_locale":"fr_FR","og_type":"article","og_title":"Fedasil - le Souffle","og_description":"Fedasil le Souffle","og_url":"https:\/\/lesouffle.be\/index.php\/fedasil\/","og_site_name":"le Souffle","article_publisher":"https:\/\/www.facebook.com\/profile.php?id=100069483571887","article_modified_time":"2023-04-03T15:50:10+00:00","og_image":[{"url":"https:\/\/lesouffle.be\/wp-content\/uploads\/2023\/04\/OC-Charleroi-copyright-Fedasil-Pauline-Beugnies-300x200.jpg","type":"","width":"","height":""}],"twitter_card":"summary_large_image","twitter_misc":{"Dur\u00e9e de lecture estim\u00e9e":"1 minute"},"schema":{"@context":"https:\/\/schema.org","@graph":[{"@type":"WebPage","@id":"https:\/\/lesouffle.be\/index.php\/fedasil\/","url":"https:\/\/lesouffle.be\/index.php\/fedasil\/","name":"Fedasil - le Souffle","isPartOf":{"@id":"https:\/\/lesouffle.be\/#website"},"primaryImageOfPage":{"@id":"https:\/\/lesouffle.be\/index.php\/fedasil\/#primaryimage"},"image":{"@id":"https:\/\/lesouffle.be\/index.php\/fedasil\/#primaryimage"},"thumbnailUrl":"https:\/\/lesouffle.be\/wp-content\/uploads\/2023\/04\/OC-Charleroi-copyright-Fedasil-Pauline-Beugnies-300x200.jpg","datePublished":"2023-04-03T15:45:22+00:00","dateModified":"2023-04-03T15:50:10+00:00","description":"Fedasil le Souffle","breadcrumb":{"@id":"https:\/\/lesouffle.be\/index.php\/fedasil\/#breadcrumb"},"inLanguage":"fr-FR","potentialAction":[{"@type":"ReadAction","target":["https:\/\/lesouffle.be\/index.php\/fedasil\/"]}]},{"@type":"ImageObject","inLanguage":"fr-FR","@id":"https:\/\/lesouffle.be\/index.php\/fedasil\/#primaryimage","url":"https:\/\/lesouffle.be\/wp-content\/uploads\/2023\/04\/OC-Charleroi-copyright-Fedasil-Pauline-Beugnies.jpg","contentUrl":"https:\/\/lesouffle.be\/wp-content\/uploads\/2023\/04\/OC-Charleroi-copyright-Fedasil-Pauline-Beugnies.jpg","width":640,"height":427,"caption":"Centre d'acceuil des demandeurs d'asile Fedasil \u00e0 Charleroi."},{"@type":"BreadcrumbList","@id":"https:\/\/lesouffle.be\/index.php\/fedasil\/#breadcrumb","itemListElement":[{"@type":"ListItem","position":1,"name":"Accueil","item":"https:\/\/lesouffle.be\/"},{"@type":"ListItem","position":2,"name":"Fedasil"}]},{"@type":"WebSite","@id":"https:\/\/lesouffle.be\/#website","url":"https:\/\/lesouffle.be\/","name":"le Souffle","description":"","publisher":{"@id":"https:\/\/lesouffle.be\/#organization"},"potentialAction":[{"@type":"SearchAction","target":{"@type":"EntryPoint","urlTemplate":"https:\/\/lesouffle.be\/?s={search_term_string}"},"query-input":{"@type":"PropertyValueSpecification","valueRequired":true,"valueName":"search_term_string"}}],"inLanguage":"fr-FR"},{"@type":"Organization","@id":"https:\/\/lesouffle.be\/#organization","name":"le Souffle","url":"https:\/\/lesouffle.be\/","logo":{"@type":"ImageObject","inLanguage":"fr-FR","@id":"https:\/\/lesouffle.be\/#\/schema\/logo\/image\/","url":"https:\/\/lesouffle.be\/wp-content\/uploads\/2023\/03\/SouffleLogoN11-1.png","contentUrl":"https:\/\/lesouffle.be\/wp-content\/uploads\/2023\/03\/SouffleLogoN11-1.png","width":4806,"height":1407,"caption":"le Souffle"},"image":{"@id":"https:\/\/lesouffle.be\/#\/schema\/logo\/image\/"},"sameAs":["https:\/\/www.facebook.com\/profile.php?id=100069483571887"]}]}},"_links":{"self":[{"href":"https:\/\/lesouffle.be\/index.php\/wp-json\/wp\/v2\/pages\/1088","targetHints":{"allow":["GET"]}}],"collection":[{"href":"https:\/\/lesouffle.be\/index.php\/wp-json\/wp\/v2\/pages"}],"about":[{"href":"https:\/\/lesouffle.be\/index.php\/wp-json\/wp\/v2\/types\/page"}],"author":[{"embeddable":true,"href":"https:\/\/lesouffle.be\/index.php\/wp-json\/wp\/v2\/users\/1"}],"replies":[{"embeddable":true,"href":"https:\/\/lesouffle.be\/index.php\/wp-json\/wp\/v2\/comments?post=1088"}],"version-history":[{"count":0,"href":"https:\/\/lesouffle.be\/index.php\/wp-json\/wp\/v2\/pages\/1088\/revisions"}],"wp:attachment":[{"href":"https:\/\/lesouffle.be\/index.php\/wp-json\/wp\/v2\/media?parent=1088"}],"curies":[{"name":"wp","href":"https:\/\/api.w.org\/{rel}","templated":true}]}}