{"id":929,"date":"2023-03-28T13:06:56","date_gmt":"2023-03-28T11:06:56","guid":{"rendered":"https:\/\/lesouffle.be\/?page_id=929"},"modified":"2023-11-21T20:08:45","modified_gmt":"2023-11-21T19:08:45","slug":"test-columns","status":"publish","type":"page","link":"https:\/\/lesouffle.be\/index.php\/test-columns\/","title":{"rendered":"Qui sommes-nous ?"},"content":{"rendered":"\t\t<div data-elementor-type=\"wp-page\" data-elementor-id=\"929\" class=\"elementor elementor-929\">\n\t\t\t\t\t\t<section class=\"elementor-section elementor-top-section elementor-element elementor-element-5f92d451 elementor-section-boxed elementor-section-height-default elementor-section-height-default\" data-id=\"5f92d451\" data-element_type=\"section\">\n\t\t\t\t\t\t<div class=\"elementor-container elementor-column-gap-default\">\n\t\t\t\t\t<div class=\"elementor-column elementor-col-100 elementor-top-column elementor-element elementor-element-7ecd3795\" data-id=\"7ecd3795\" data-element_type=\"column\">\n\t\t\t<div class=\"elementor-widget-wrap elementor-element-populated\">\n\t\t\t\t\t\t<div class=\"elementor-element elementor-element-7e9e447e eael_simple_menu_hamburger_disable_selected_menu_no eael-simple-menu-hamburger-align-right eael-hamburger--tablet elementor-widget elementor-widget-eael-simple-menu\" data-id=\"7e9e447e\" data-element_type=\"widget\" data-widget_type=\"eael-simple-menu.default\">\n\t\t\t\t<div class=\"elementor-widget-container\">\n\t\t\t\t\t<style>\n                        @media screen and (max-width: 1024px) {\n                            .eael-hamburger--tablet {\n                                .eael-simple-menu-horizontal,\n                                .eael-simple-menu-vertical {\n                                    display: none;\n                                }\n                            }\n                            .eael-hamburger--tablet {\n                                .eael-simple-menu-container .eael-simple-menu-toggle {\n                                    display: block;\n                                }\n                            }\n                        }\n                    <\/style>            <div data-hamburger-icon=\"&lt;i aria-hidden=&quot;true&quot; class=&quot;fas fa-bars&quot;&gt;&lt;\/i&gt;\" data-indicator-icon=\"&lt;i aria-hidden=&quot;true&quot; class=&quot;fas fa-angle-down&quot;&gt;&lt;\/i&gt;\" data-dropdown-indicator-icon=\"&lt;i class=&quot;fas fa-angle-down&quot;&gt;&lt;\/i&gt;\" class=\"eael-simple-menu-container eael-simple-menu-align-right eael-simple-menu-dropdown-align-left preset-1\" data-hamburger-breakpoints=\"{&quot;mobile&quot;:&quot;Portrait mobile (&gt; 767px)&quot;,&quot;tablet&quot;:&quot;Tablette en mode portrait (&gt; 1024px)&quot;,&quot;desktop&quot;:&quot;Desktop (&gt; 2400px)&quot;,&quot;none&quot;:&quot;None&quot;}\" data-hamburger-device=\"tablet\">\n                <ul id=\"menu-menu-test\" class=\"eael-simple-menu eael-simple-menu-dropdown-animate-to-top eael-simple-menu-indicator eael-simple-menu-horizontal\"><li id=\"menu-item-1686\" class=\"menu-item menu-item-type-post_type menu-item-object-page menu-item-home menu-item-1686\"><a href=\"https:\/\/lesouffle.be\/\">Accueil<\/a><\/li>\n<li id=\"menu-item-563\" class=\"menu-item menu-item-type-post_type menu-item-object-page menu-item-563\"><a href=\"https:\/\/lesouffle.be\/index.php\/news\/\">News<\/a><\/li>\n<li id=\"menu-item-1569\" class=\"menu-item menu-item-type-post_type menu-item-object-page menu-item-has-children menu-item-1569\"><a href=\"https:\/\/lesouffle.be\/index.php\/missions\/\">Missions<\/a>\n<ul class=\"sub-menu\">\n\t<li id=\"menu-item-1572\" class=\"menu-item menu-item-type-post_type menu-item-object-page menu-item-1572\"><a href=\"https:\/\/lesouffle.be\/index.php\/formations\/\">Formations<\/a><\/li>\n\t<li id=\"menu-item-1571\" class=\"menu-item menu-item-type-post_type menu-item-object-page menu-item-1571\"><a href=\"https:\/\/lesouffle.be\/index.php\/mediations\/\">M\u00e9diations<\/a><\/li>\n\t<li id=\"menu-item-1570\" class=\"menu-item menu-item-type-post_type menu-item-object-page menu-item-1570\"><a href=\"https:\/\/lesouffle.be\/index.php\/actions\/\">Interventions<\/a><\/li>\n<\/ul>\n<\/li>\n<li id=\"menu-item-574\" class=\"menu-item menu-item-type-post_type menu-item-object-page menu-item-has-children menu-item-574\"><a href=\"https:\/\/lesouffle.be\/index.php\/ressources\/\">Ressources<\/a>\n<ul class=\"sub-menu\">\n\t<li id=\"menu-item-1287\" class=\"menu-item menu-item-type-post_type menu-item-object-page menu-item-1287\"><a href=\"https:\/\/lesouffle.be\/index.php\/videos-copy\/\">Videos<\/a><\/li>\n\t<li id=\"menu-item-1286\" class=\"menu-item menu-item-type-post_type menu-item-object-page menu-item-1286\"><a href=\"https:\/\/lesouffle.be\/index.php\/publications-copy\/\">Publications<\/a><\/li>\n<\/ul>\n<\/li>\n<li id=\"menu-item-565\" class=\"menu-item menu-item-type-post_type menu-item-object-page menu-item-565\"><a href=\"https:\/\/lesouffle.be\/index.php\/projets\/\">Projets<\/a><\/li>\n<li id=\"menu-item-942\" class=\"menu-item menu-item-type-post_type menu-item-object-page menu-item-has-children menu-item-942\"><a href=\"https:\/\/lesouffle.be\/index.php\/test-columns\/\">Qui sommes-nous ?<\/a>\n<ul class=\"sub-menu\">\n\t<li id=\"menu-item-567\" class=\"menu-item menu-item-type-post_type menu-item-object-page menu-item-567\"><a href=\"https:\/\/lesouffle.be\/index.php\/equipe\/\">Equipe<\/a><\/li>\n\t<li id=\"menu-item-566\" class=\"menu-item menu-item-type-post_type menu-item-object-page menu-item-566\"><a href=\"https:\/\/lesouffle.be\/index.php\/partenaires\/\">Partenaires<\/a><\/li>\n\t<li id=\"menu-item-2453\" class=\"menu-item menu-item-type-post_type menu-item-object-page menu-item-2453\"><a href=\"https:\/\/lesouffle.be\/index.php\/intranet\/\">Intranet<\/a><\/li>\n<\/ul>\n<\/li>\n<li id=\"menu-item-564\" class=\"menu-item menu-item-type-post_type menu-item-object-page menu-item-564\"><a href=\"https:\/\/lesouffle.be\/index.php\/contacts\/\">Contacts<\/a><\/li>\n<\/ul>                <button class=\"eael-simple-menu-toggle\">\n                    <span class=\"sr-only \">Hamburger Toggle Menu<\/span>\n                    <i aria-hidden=\"true\" class=\"fas fa-bars\"><\/i>                <\/button>\n            <\/div>\n            \t\t\t\t<\/div>\n\t\t\t\t<\/div>\n\t\t\t\t\t<\/div>\n\t\t<\/div>\n\t\t\t\t\t<\/div>\n\t\t<\/section>\n\t\t\t\t<section class=\"elementor-section elementor-top-section elementor-element elementor-element-37ea5a6 elementor-section-boxed elementor-section-height-default elementor-section-height-default\" data-id=\"37ea5a6\" data-element_type=\"section\">\n\t\t\t\t\t\t<div class=\"elementor-container elementor-column-gap-default\">\n\t\t\t\t\t<div class=\"elementor-column elementor-col-100 elementor-top-column elementor-element elementor-element-4568772\" data-id=\"4568772\" data-element_type=\"column\">\n\t\t\t<div class=\"elementor-widget-wrap elementor-element-populated\">\n\t\t\t\t\t\t<div class=\"elementor-element elementor-element-7fdef32 elementor-widget elementor-widget-heading\" data-id=\"7fdef32\" data-element_type=\"widget\" data-widget_type=\"heading.default\">\n\t\t\t\t<div class=\"elementor-widget-container\">\n\t\t\t\t\t<h2 class=\"elementor-heading-title elementor-size-default\">Missions<\/h2>\t\t\t\t<\/div>\n\t\t\t\t<\/div>\n\t\t\t\t<div class=\"elementor-element elementor-element-2c9a3ca elementor-widget elementor-widget-heading\" data-id=\"2c9a3ca\" data-element_type=\"widget\" data-widget_type=\"heading.default\">\n\t\t\t\t<div class=\"elementor-widget-container\">\n\t\t\t\t\t<h3 class=\"elementor-heading-title elementor-size-default\">Formation et M\u00e9diation<\/h3>\t\t\t\t<\/div>\n\t\t\t\t<\/div>\n\t\t\t\t\t<\/div>\n\t\t<\/div>\n\t\t\t\t\t<\/div>\n\t\t<\/section>\n\t\t\t\t<section class=\"elementor-section elementor-top-section elementor-element elementor-element-690c061 elementor-section-boxed elementor-section-height-default elementor-section-height-default\" data-id=\"690c061\" data-element_type=\"section\">\n\t\t\t\t\t\t<div class=\"elementor-container elementor-column-gap-default\">\n\t\t\t\t\t<div class=\"elementor-column elementor-col-33 elementor-top-column elementor-element elementor-element-fa553d6\" data-id=\"fa553d6\" data-element_type=\"column\" data-settings=\"{&quot;background_background&quot;:&quot;classic&quot;}\">\n\t\t\t<div class=\"elementor-widget-wrap elementor-element-populated\">\n\t\t\t\t\t\t<div class=\"elementor-element elementor-element-aabb445 elementor-widget elementor-widget-text-editor\" data-id=\"aabb445\" data-element_type=\"widget\" data-widget_type=\"text-editor.default\">\n\t\t\t\t<div class=\"elementor-widget-container\">\n\t\t\t\t\t\t\t\t\t<p style=\"text-align: left;\">Le Souffle , <strong>op\u00e9rateur de formations , <\/strong>propose\u00a0 des modules sur demande ax\u00e9s sur la communication, l\u2019estime de soi, la gestion de conflit, la m\u00e9diation, l&rsquo;esprit d&rsquo;\u00e9quipe, <strong>les pratiques pr\u00e9ventives et restauratives &#8230;<br \/><\/strong><\/p>\t\t\t\t\t\t\t\t<\/div>\n\t\t\t\t<\/div>\n\t\t\t\t\t<\/div>\n\t\t<\/div>\n\t\t\t\t<div class=\"elementor-column elementor-col-33 elementor-top-column elementor-element elementor-element-765e92b\" data-id=\"765e92b\" data-element_type=\"column\">\n\t\t\t<div class=\"elementor-widget-wrap elementor-element-populated\">\n\t\t\t\t\t\t<div class=\"elementor-element elementor-element-80188ed elementor-fixed elementor-widget elementor-widget-image\" data-id=\"80188ed\" data-element_type=\"widget\" data-settings=\"{&quot;_position&quot;:&quot;fixed&quot;}\" data-widget_type=\"image.default\">\n\t\t\t\t<div class=\"elementor-widget-container\">\n\t\t\t\t\t\t\t\t\t\t\t\t\t\t\t<img fetchpriority=\"high\" decoding=\"async\" width=\"800\" height=\"533\" src=\"https:\/\/lesouffle.be\/wp-content\/uploads\/2023\/04\/Justice-Restaurative-1024x682.jpeg\" class=\"attachment-large size-large wp-image-1373\" alt=\"\" srcset=\"https:\/\/lesouffle.be\/wp-content\/uploads\/2023\/04\/Justice-Restaurative-1024x682.jpeg 1024w, https:\/\/lesouffle.be\/wp-content\/uploads\/2023\/04\/Justice-Restaurative-300x200.jpeg 300w, https:\/\/lesouffle.be\/wp-content\/uploads\/2023\/04\/Justice-Restaurative-768x511.jpeg 768w, https:\/\/lesouffle.be\/wp-content\/uploads\/2023\/04\/Justice-Restaurative-1536x1023.jpeg 1536w, https:\/\/lesouffle.be\/wp-content\/uploads\/2023\/04\/Justice-Restaurative.jpeg 2000w\" sizes=\"(max-width: 800px) 100vw, 800px\" \/>\t\t\t\t\t\t\t\t\t\t\t\t\t\t\t<\/div>\n\t\t\t\t<\/div>\n\t\t\t\t<div class=\"elementor-element elementor-element-2ebced5 elementor-widget elementor-widget-image\" data-id=\"2ebced5\" data-element_type=\"widget\" data-widget_type=\"image.default\">\n\t\t\t\t<div class=\"elementor-widget-container\">\n\t\t\t\t\t\t\t\t\t\t\t\t\t\t\t<img decoding=\"async\" width=\"800\" height=\"576\" src=\"https:\/\/lesouffle.be\/wp-content\/uploads\/2023\/05\/CercleSouffle-1024x737.png\" class=\"attachment-large size-large wp-image-2003\" alt=\"\" srcset=\"https:\/\/lesouffle.be\/wp-content\/uploads\/2023\/05\/CercleSouffle-1024x737.png 1024w, https:\/\/lesouffle.be\/wp-content\/uploads\/2023\/05\/CercleSouffle-300x216.png 300w, https:\/\/lesouffle.be\/wp-content\/uploads\/2023\/05\/CercleSouffle-768x553.png 768w, https:\/\/lesouffle.be\/wp-content\/uploads\/2023\/05\/CercleSouffle-1536x1106.png 1536w, https:\/\/lesouffle.be\/wp-content\/uploads\/2023\/05\/CercleSouffle-2048x1475.png 2048w\" sizes=\"(max-width: 800px) 100vw, 800px\" \/>\t\t\t\t\t\t\t\t\t\t\t\t\t\t\t<\/div>\n\t\t\t\t<\/div>\n\t\t\t\t\t<\/div>\n\t\t<\/div>\n\t\t\t\t<div class=\"elementor-column elementor-col-33 elementor-top-column elementor-element elementor-element-50b89a5\" data-id=\"50b89a5\" data-element_type=\"column\" data-settings=\"{&quot;background_background&quot;:&quot;classic&quot;}\">\n\t\t\t<div class=\"elementor-widget-wrap elementor-element-populated\">\n\t\t\t\t\t\t<div class=\"elementor-element elementor-element-1b10f8f elementor-widget elementor-widget-text-editor\" data-id=\"1b10f8f\" data-element_type=\"widget\" data-widget_type=\"text-editor.default\">\n\t\t\t\t<div class=\"elementor-widget-container\">\n\t\t\t\t\t\t\t\t\t<p style=\"text-align: left;\">L\u2019\u00e9quipe propose des m\u00e9diations\u00a0 et des formations dans des lieux de vie (\u00e9coles, collectivit\u00e9s, &#8230;) sur des lieux de travail et en institution. La m\u00e9thodologie des <strong>cercles pr\u00e9ventifs ou restauratifs <\/strong>compl\u00e8te et appuie nos interventions et actions.<\/p>\t\t\t\t\t\t\t\t<\/div>\n\t\t\t\t<\/div>\n\t\t\t\t\t<\/div>\n\t\t<\/div>\n\t\t\t\t\t<\/div>\n\t\t<\/section>\n\t\t\t\t<section class=\"elementor-section elementor-top-section elementor-element elementor-element-a73f864 elementor-section-content-middle elementor-section-boxed elementor-section-height-default elementor-section-height-default\" data-id=\"a73f864\" data-element_type=\"section\">\n\t\t\t\t\t\t<div class=\"elementor-container elementor-column-gap-default\">\n\t\t\t\t\t<div class=\"elementor-column elementor-col-100 elementor-top-column elementor-element elementor-element-f922d63\" data-id=\"f922d63\" data-element_type=\"column\">\n\t\t\t<div class=\"elementor-widget-wrap elementor-element-populated\">\n\t\t\t\t\t\t<div class=\"elementor-element elementor-element-30f43ee elementor-widget elementor-widget-heading\" data-id=\"30f43ee\" data-element_type=\"widget\" data-widget_type=\"heading.default\">\n\t\t\t\t<div class=\"elementor-widget-container\">\n\t\t\t\t\t<h2 class=\"elementor-heading-title elementor-size-default\">Interventions et actions<\/h2>\t\t\t\t<\/div>\n\t\t\t\t<\/div>\n\t\t\t\t\t<\/div>\n\t\t<\/div>\n\t\t\t\t\t<\/div>\n\t\t<\/section>\n\t\t\t\t<section class=\"elementor-section elementor-top-section elementor-element elementor-element-70677e8 elementor-section-boxed elementor-section-height-default elementor-section-height-default\" data-id=\"70677e8\" data-element_type=\"section\">\n\t\t\t\t\t\t<div class=\"elementor-container elementor-column-gap-default\">\n\t\t\t\t\t<div class=\"elementor-column elementor-col-33 elementor-top-column elementor-element elementor-element-89eecfa\" data-id=\"89eecfa\" data-element_type=\"column\">\n\t\t\t<div class=\"elementor-widget-wrap\">\n\t\t\t\t\t\t\t<\/div>\n\t\t<\/div>\n\t\t\t\t<div class=\"elementor-column elementor-col-33 elementor-top-column elementor-element elementor-element-2bdfd4f\" data-id=\"2bdfd4f\" data-element_type=\"column\" data-settings=\"{&quot;background_background&quot;:&quot;classic&quot;}\">\n\t\t\t<div class=\"elementor-widget-wrap elementor-element-populated\">\n\t\t\t\t\t\t<div class=\"elementor-element elementor-element-26d7af5 elementor-widget elementor-widget-text-editor\" data-id=\"26d7af5\" data-element_type=\"widget\" data-widget_type=\"text-editor.default\">\n\t\t\t\t<div class=\"elementor-widget-container\">\n\t\t\t\t\t\t\t\t\t<div class=\"elementor-element elementor-element-f6dc68f elementor-widget__width-initial elementor-widget elementor-widget-text-editor\" data-id=\"f6dc68f\" data-element_type=\"widget\" data-widget_type=\"text-editor.default\">\n<div class=\"elementor-widget-container\">\n<p style=\"text-align: center;\">Le Souffle participe \u00e0 des <strong>projets belges et internationaux autour du mieux vivre et travailler ensemble <\/strong> avec des jeunes et des adultes de toute culture et de tous \u00e2ges :<\/p>\n\n<ul>\n \t<li style=\"text-align: left;\">\u00a0\u00a0\u00a0 <strong>les pratiques restauratives \/ la Justice Restaurative<\/strong><\/li>\n \t<li style=\"text-align: left;\"><strong>\u00a0\u00a0\u00a0 la pr\u00e9vention du harc\u00e8lement et de la violence<\/strong><\/li>\n \t<li style=\"text-align: left;\"><strong><strong>\u00a0\u00a0\u00a0 la gestion des conflits et la m\u00e9diation.<\/strong><\/strong><\/li>\n<\/ul>\n<\/div>\n<\/div>\t\t\t\t\t\t\t\t<\/div>\n\t\t\t\t<\/div>\n\t\t\t\t\t<\/div>\n\t\t<\/div>\n\t\t\t\t<div class=\"elementor-column elementor-col-33 elementor-top-column elementor-element elementor-element-6b768c4\" data-id=\"6b768c4\" data-element_type=\"column\">\n\t\t\t<div class=\"elementor-widget-wrap\">\n\t\t\t\t\t\t\t<\/div>\n\t\t<\/div>\n\t\t\t\t\t<\/div>\n\t\t<\/section>\n\t\t\t\t<section class=\"elementor-section elementor-top-section elementor-element elementor-element-4dba472 elementor-section-boxed elementor-section-height-default elementor-section-height-default\" data-id=\"4dba472\" data-element_type=\"section\" data-settings=\"{&quot;background_background&quot;:&quot;classic&quot;}\">\n\t\t\t\t\t\t<div class=\"elementor-container elementor-column-gap-default\">\n\t\t\t\t\t<div class=\"elementor-column elementor-col-100 elementor-top-column elementor-element elementor-element-d2a528c\" data-id=\"d2a528c\" data-element_type=\"column\" data-settings=\"{&quot;background_background&quot;:&quot;classic&quot;}\">\n\t\t\t<div class=\"elementor-widget-wrap elementor-element-populated\">\n\t\t\t\t\t\t<div class=\"elementor-element elementor-element-bea385f elementor-widget elementor-widget-text-editor\" data-id=\"bea385f\" data-element_type=\"widget\" data-widget_type=\"text-editor.default\">\n\t\t\t\t<div class=\"elementor-widget-container\">\n\t\t\t\t\t\t\t\t\t<p>L\u2019association met en oeuvre et supervise des projets d\u00e9veloppant l\u2019intelligence relationnelle au niveau personnel, interpersonnel et collectif.<\/p><p>Depuis 2003,\u00a0<strong>sp\u00e9cialis\u00e9 en M\u00e9diation Collective et en Pratiques Restauratives<\/strong>, Le Souffle intervient\u00a0 dans des groupes en difficult\u00e9 et accompagne des \u00e9quipes.<\/p><p>En 1999,\u00a0<strong>la recherche-action<\/strong>\u00a0\u00ab Devenir Son Propre M\u00e9diateur \u00bb est r\u00e9compens\u00e9e par\u00a0<strong>le prix \u00ab Ecole et violence : pr\u00e9vention pr\u00e9coce \u00bb<\/strong>\u00a0d\u00e9cern\u00e9 par la \u00ab\u00a0Fondation de France et l\u2019Association Pierre Strauss\u00a0\u00bb.<\/p><p>En 1993 \u00ab\u00a0Le Souffle\u00a0\u00bb se d\u00e9finit , comme une association socio-\u00e9ducative europ\u00e9enne d\u2019Action, de Formation et de M\u00e9diation.<\/p>\t\t\t\t\t\t\t\t<\/div>\n\t\t\t\t<\/div>\n\t\t\t\t\t<\/div>\n\t\t<\/div>\n\t\t\t\t\t<\/div>\n\t\t<\/section>\n\t\t\t\t<\/div>\n\t\t","protected":false},"excerpt":{"rendered":"<p>Accueil News Missions Formations M\u00e9diations Interventions Ressources Videos Publications Projets Qui sommes-nous ? Equipe Partenaires Contacts Missions Formation et M\u00e9diation Le Souffle , op\u00e9rateur de formations , propose\u00a0 des modules sur demande ax\u00e9s sur la communication, l\u2019estime de soi, la gestion de conflit, la m\u00e9diation, l&rsquo;esprit d&rsquo;\u00e9quipe, les pratiques pr\u00e9ventives et restauratives &#8230; L\u2019\u00e9quipe propose [&hellip;]<\/p>\n","protected":false},"author":1,"featured_media":0,"parent":0,"menu_order":0,"comment_status":"closed","ping_status":"closed","template":"","meta":{"inline_featured_image":false,"footnotes":""},"class_list":["post-929","page","type-page","status-publish","hentry"],"yoast_head":"<!-- This site is optimized with the Yoast SEO plugin v26.3 - https:\/\/yoast.com\/wordpress\/plugins\/seo\/ -->\n<title>Qui sommes-nous ? - le Souffle<\/title>\n<meta name=\"description\" content=\"Qui sommes-nous ? le Souffle\" \/>\n<meta name=\"robots\" content=\"index, follow, max-snippet:-1, max-image-preview:large, max-video-preview:-1\" \/>\n<link rel=\"canonical\" href=\"https:\/\/lesouffle.be\/index.php\/test-columns\/\" \/>\n<meta property=\"og:locale\" content=\"fr_FR\" \/>\n<meta property=\"og:type\" content=\"article\" \/>\n<meta property=\"og:title\" content=\"Qui sommes-nous ? - le Souffle\" \/>\n<meta property=\"og:description\" content=\"Qui sommes-nous ? le Souffle\" \/>\n<meta property=\"og:url\" content=\"https:\/\/lesouffle.be\/index.php\/test-columns\/\" \/>\n<meta property=\"og:site_name\" content=\"le Souffle\" \/>\n<meta property=\"article:publisher\" content=\"https:\/\/www.facebook.com\/profile.php?id=100069483571887\" \/>\n<meta property=\"article:modified_time\" content=\"2023-11-21T19:08:45+00:00\" \/>\n<meta property=\"og:image\" content=\"https:\/\/lesouffle.be\/wp-content\/uploads\/2023\/04\/Justice-Restaurative-1024x682.jpeg\" \/>\n<meta name=\"twitter:card\" content=\"summary_large_image\" \/>\n<meta name=\"twitter:label1\" content=\"Dur\u00e9e de lecture estim\u00e9e\" \/>\n\t<meta name=\"twitter:data1\" content=\"2 minutes\" \/>\n<script type=\"application\/ld+json\" class=\"yoast-schema-graph\">{\"@context\":\"https:\/\/schema.org\",\"@graph\":[{\"@type\":\"WebPage\",\"@id\":\"https:\/\/lesouffle.be\/index.php\/test-columns\/\",\"url\":\"https:\/\/lesouffle.be\/index.php\/test-columns\/\",\"name\":\"Qui sommes-nous ? - le Souffle\",\"isPartOf\":{\"@id\":\"https:\/\/lesouffle.be\/#website\"},\"primaryImageOfPage\":{\"@id\":\"https:\/\/lesouffle.be\/index.php\/test-columns\/#primaryimage\"},\"image\":{\"@id\":\"https:\/\/lesouffle.be\/index.php\/test-columns\/#primaryimage\"},\"thumbnailUrl\":\"https:\/\/lesouffle.be\/wp-content\/uploads\/2023\/04\/Justice-Restaurative-1024x682.jpeg\",\"datePublished\":\"2023-03-28T11:06:56+00:00\",\"dateModified\":\"2023-11-21T19:08:45+00:00\",\"description\":\"Qui sommes-nous ? le Souffle\",\"breadcrumb\":{\"@id\":\"https:\/\/lesouffle.be\/index.php\/test-columns\/#breadcrumb\"},\"inLanguage\":\"fr-FR\",\"potentialAction\":[{\"@type\":\"ReadAction\",\"target\":[\"https:\/\/lesouffle.be\/index.php\/test-columns\/\"]}]},{\"@type\":\"ImageObject\",\"inLanguage\":\"fr-FR\",\"@id\":\"https:\/\/lesouffle.be\/index.php\/test-columns\/#primaryimage\",\"url\":\"https:\/\/lesouffle.be\/wp-content\/uploads\/2023\/04\/Justice-Restaurative.jpeg\",\"contentUrl\":\"https:\/\/lesouffle.be\/wp-content\/uploads\/2023\/04\/Justice-Restaurative.jpeg\",\"width\":2000,\"height\":1332},{\"@type\":\"BreadcrumbList\",\"@id\":\"https:\/\/lesouffle.be\/index.php\/test-columns\/#breadcrumb\",\"itemListElement\":[{\"@type\":\"ListItem\",\"position\":1,\"name\":\"Accueil\",\"item\":\"https:\/\/lesouffle.be\/\"},{\"@type\":\"ListItem\",\"position\":2,\"name\":\"Qui sommes-nous ?\"}]},{\"@type\":\"WebSite\",\"@id\":\"https:\/\/lesouffle.be\/#website\",\"url\":\"https:\/\/lesouffle.be\/\",\"name\":\"le Souffle\",\"description\":\"\",\"publisher\":{\"@id\":\"https:\/\/lesouffle.be\/#organization\"},\"potentialAction\":[{\"@type\":\"SearchAction\",\"target\":{\"@type\":\"EntryPoint\",\"urlTemplate\":\"https:\/\/lesouffle.be\/?s={search_term_string}\"},\"query-input\":{\"@type\":\"PropertyValueSpecification\",\"valueRequired\":true,\"valueName\":\"search_term_string\"}}],\"inLanguage\":\"fr-FR\"},{\"@type\":\"Organization\",\"@id\":\"https:\/\/lesouffle.be\/#organization\",\"name\":\"le Souffle\",\"url\":\"https:\/\/lesouffle.be\/\",\"logo\":{\"@type\":\"ImageObject\",\"inLanguage\":\"fr-FR\",\"@id\":\"https:\/\/lesouffle.be\/#\/schema\/logo\/image\/\",\"url\":\"https:\/\/lesouffle.be\/wp-content\/uploads\/2023\/03\/SouffleLogoN11-1.png\",\"contentUrl\":\"https:\/\/lesouffle.be\/wp-content\/uploads\/2023\/03\/SouffleLogoN11-1.png\",\"width\":4806,\"height\":1407,\"caption\":\"le Souffle\"},\"image\":{\"@id\":\"https:\/\/lesouffle.be\/#\/schema\/logo\/image\/\"},\"sameAs\":[\"https:\/\/www.facebook.com\/profile.php?id=100069483571887\"]}]}<\/script>\n<!-- \/ Yoast SEO plugin. -->","yoast_head_json":{"title":"Qui sommes-nous ? - le Souffle","description":"Qui sommes-nous ? le Souffle","robots":{"index":"index","follow":"follow","max-snippet":"max-snippet:-1","max-image-preview":"max-image-preview:large","max-video-preview":"max-video-preview:-1"},"canonical":"https:\/\/lesouffle.be\/index.php\/test-columns\/","og_locale":"fr_FR","og_type":"article","og_title":"Qui sommes-nous ? - le Souffle","og_description":"Qui sommes-nous ? le Souffle","og_url":"https:\/\/lesouffle.be\/index.php\/test-columns\/","og_site_name":"le Souffle","article_publisher":"https:\/\/www.facebook.com\/profile.php?id=100069483571887","article_modified_time":"2023-11-21T19:08:45+00:00","og_image":[{"url":"https:\/\/lesouffle.be\/wp-content\/uploads\/2023\/04\/Justice-Restaurative-1024x682.jpeg","type":"","width":"","height":""}],"twitter_card":"summary_large_image","twitter_misc":{"Dur\u00e9e de lecture estim\u00e9e":"2 minutes"},"schema":{"@context":"https:\/\/schema.org","@graph":[{"@type":"WebPage","@id":"https:\/\/lesouffle.be\/index.php\/test-columns\/","url":"https:\/\/lesouffle.be\/index.php\/test-columns\/","name":"Qui sommes-nous ? - le Souffle","isPartOf":{"@id":"https:\/\/lesouffle.be\/#website"},"primaryImageOfPage":{"@id":"https:\/\/lesouffle.be\/index.php\/test-columns\/#primaryimage"},"image":{"@id":"https:\/\/lesouffle.be\/index.php\/test-columns\/#primaryimage"},"thumbnailUrl":"https:\/\/lesouffle.be\/wp-content\/uploads\/2023\/04\/Justice-Restaurative-1024x682.jpeg","datePublished":"2023-03-28T11:06:56+00:00","dateModified":"2023-11-21T19:08:45+00:00","description":"Qui sommes-nous ? le Souffle","breadcrumb":{"@id":"https:\/\/lesouffle.be\/index.php\/test-columns\/#breadcrumb"},"inLanguage":"fr-FR","potentialAction":[{"@type":"ReadAction","target":["https:\/\/lesouffle.be\/index.php\/test-columns\/"]}]},{"@type":"ImageObject","inLanguage":"fr-FR","@id":"https:\/\/lesouffle.be\/index.php\/test-columns\/#primaryimage","url":"https:\/\/lesouffle.be\/wp-content\/uploads\/2023\/04\/Justice-Restaurative.jpeg","contentUrl":"https:\/\/lesouffle.be\/wp-content\/uploads\/2023\/04\/Justice-Restaurative.jpeg","width":2000,"height":1332},{"@type":"BreadcrumbList","@id":"https:\/\/lesouffle.be\/index.php\/test-columns\/#breadcrumb","itemListElement":[{"@type":"ListItem","position":1,"name":"Accueil","item":"https:\/\/lesouffle.be\/"},{"@type":"ListItem","position":2,"name":"Qui sommes-nous ?"}]},{"@type":"WebSite","@id":"https:\/\/lesouffle.be\/#website","url":"https:\/\/lesouffle.be\/","name":"le Souffle","description":"","publisher":{"@id":"https:\/\/lesouffle.be\/#organization"},"potentialAction":[{"@type":"SearchAction","target":{"@type":"EntryPoint","urlTemplate":"https:\/\/lesouffle.be\/?s={search_term_string}"},"query-input":{"@type":"PropertyValueSpecification","valueRequired":true,"valueName":"search_term_string"}}],"inLanguage":"fr-FR"},{"@type":"Organization","@id":"https:\/\/lesouffle.be\/#organization","name":"le Souffle","url":"https:\/\/lesouffle.be\/","logo":{"@type":"ImageObject","inLanguage":"fr-FR","@id":"https:\/\/lesouffle.be\/#\/schema\/logo\/image\/","url":"https:\/\/lesouffle.be\/wp-content\/uploads\/2023\/03\/SouffleLogoN11-1.png","contentUrl":"https:\/\/lesouffle.be\/wp-content\/uploads\/2023\/03\/SouffleLogoN11-1.png","width":4806,"height":1407,"caption":"le Souffle"},"image":{"@id":"https:\/\/lesouffle.be\/#\/schema\/logo\/image\/"},"sameAs":["https:\/\/www.facebook.com\/profile.php?id=100069483571887"]}]}},"_links":{"self":[{"href":"https:\/\/lesouffle.be\/index.php\/wp-json\/wp\/v2\/pages\/929","targetHints":{"allow":["GET"]}}],"collection":[{"href":"https:\/\/lesouffle.be\/index.php\/wp-json\/wp\/v2\/pages"}],"about":[{"href":"https:\/\/lesouffle.be\/index.php\/wp-json\/wp\/v2\/types\/page"}],"author":[{"embeddable":true,"href":"https:\/\/lesouffle.be\/index.php\/wp-json\/wp\/v2\/users\/1"}],"replies":[{"embeddable":true,"href":"https:\/\/lesouffle.be\/index.php\/wp-json\/wp\/v2\/comments?post=929"}],"version-history":[{"count":0,"href":"https:\/\/lesouffle.be\/index.php\/wp-json\/wp\/v2\/pages\/929\/revisions"}],"wp:attachment":[{"href":"https:\/\/lesouffle.be\/index.php\/wp-json\/wp\/v2\/media?parent=929"}],"curies":[{"name":"wp","href":"https:\/\/api.w.org\/{rel}","templated":true}]}}